{"id":33,"date":"2024-12-02T14:45:45","date_gmt":"2024-12-02T14:45:45","guid":{"rendered":"https:\/\/www.sandyvanry.de\/?page_id=33"},"modified":"2026-04-14T07:25:31","modified_gmt":"2026-04-14T07:25:31","slug":"kontakt","status":"publish","type":"page","link":"https:\/\/www.sandyvanry.de\/index.php\/kontakt\/","title":{"rendered":"Kontakt \/ Social Media"},"content":{"rendered":"<div class=\"wp-block-image\">\n<figure class=\"aligncenter size-full is-resized\"><img loading=\"lazy\" decoding=\"async\" width=\"512\" height=\"512\" src=\"https:\/\/www.sandyvanry.de\/wp-content\/uploads\/2024\/12\/cropped-Foto-04.11.24-15-39-33.jpg\" alt=\"\" class=\"wp-image-12\" style=\"width:399px;height:auto\" srcset=\"https:\/\/www.sandyvanry.de\/wp-content\/uploads\/2024\/12\/cropped-Foto-04.11.24-15-39-33.jpg 512w, https:\/\/www.sandyvanry.de\/wp-content\/uploads\/2024\/12\/cropped-Foto-04.11.24-15-39-33-300x300.jpg 300w, https:\/\/www.sandyvanry.de\/wp-content\/uploads\/2024\/12\/cropped-Foto-04.11.24-15-39-33-150x150.jpg 150w, https:\/\/www.sandyvanry.de\/wp-content\/uploads\/2024\/12\/cropped-Foto-04.11.24-15-39-33-180x180.jpg 180w, https:\/\/www.sandyvanry.de\/wp-content\/uploads\/2024\/12\/cropped-Foto-04.11.24-15-39-33-270x270.jpg 270w, https:\/\/www.sandyvanry.de\/wp-content\/uploads\/2024\/12\/cropped-Foto-04.11.24-15-39-33-192x192.jpg 192w, https:\/\/www.sandyvanry.de\/wp-content\/uploads\/2024\/12\/cropped-Foto-04.11.24-15-39-33-32x32.jpg 32w\" sizes=\"auto, (max-width: 512px) 100vw, 512px\" \/><\/figure>\n<\/div>\n\n\n<p class=\"has-text-align-center\"><strong>Sandy van Ry<\/strong><br><br><\/p>\n\n\n\n<figure class=\"wp-block-pullquote has-large-font-size\"><blockquote><p><strong>Ihr k\u00f6nnt mich buchen unter:<\/strong><br>Sandy van Ry Management<br><\/p><cite><strong>Mobil: 01 72 \/ 2 83 52 46<\/strong><br><a href=\"mailto:info@sandyvanry.de\">info@sandyvanry.de<\/a><\/cite><\/blockquote><\/figure>\n\n\n\n<p><\/p>\n\n\n\n<blockquote class=\"wp-block-quote is-layout-flow wp-block-quote-is-layout-flow\">\n<p class=\"has-large-font-size\"><strong>Autogrammw\u00fcnsche an:<\/strong><\/p>\n<\/blockquote>\n\n\n\n<p>Uli Sch\u00e4ffer<br>Elsa-Br\u00e4ndstr\u00f6m-Stra\u00dfe 17<br>50374 Erftstadt<\/p>\n\n\n\n<p><\/p>\n\n\n\n<blockquote class=\"wp-block-quote is-style-default is-layout-flow wp-block-quote-is-layout-flow\">\n<p class=\"has-large-font-size\"><strong>Socialmedia Links<\/strong><\/p>\n<\/blockquote>\n\n\n\n<p class=\"has-normal-font-size\"><\/p>\n\n\n\n<ol class=\"wp-block-list\">\n<li class=\"has-normal-font-size\"><a href=\"https:\/\/www.facebook.com\/SchlagerSandyvanRy\/\" data-type=\"link\" data-id=\"https:\/\/www.facebook.com\/SchlagerSandyvanRy\/\" target=\"_blank\" rel=\"noreferrer noopener\">Facebook<\/a><\/li>\n\n\n\n<li class=\"has-normal-font-size\"><a href=\"https:\/\/www.instagram.com\/sandy_van_ry\/\" target=\"_blank\" rel=\"noreferrer noopener\">Instagram<\/a><\/li>\n\n\n\n<li class=\"has-normal-font-size\"><a href=\"https:\/\/www.tiktok.com\/@sandy.van.ry\" target=\"_blank\" rel=\"noreferrer noopener\">Tiktok<\/a><\/li>\n\n\n\n<li class=\"has-normal-font-size\"><a href=\"https:\/\/open.spotify.com\/intl-de\/artist\/1JQKl4GtjUT7hYZ5AguNVL\" target=\"_blank\" rel=\"noreferrer noopener\">Spotify<\/a><\/li>\n\n\n\n<li class=\"has-normal-font-size\"><a href=\"https:\/\/www.youtube.com\/results?search_query=Sandy+van+ry\" target=\"_blank\" rel=\"noreferrer noopener\">Youtube<\/a><\/li>\n<\/ol>\n\n\n\n<figure class=\"wp-block-pullquote has-large-font-size\"><blockquote><p><strong>Diese Homepage wurde erstellt von:<\/strong><\/p><\/blockquote><\/figure>\n\n\n<div class=\"wp-block-image\">\n<figure class=\"aligncenter size-full is-resized\"><img loading=\"lazy\" decoding=\"async\" width=\"824\" height=\"314\" src=\"https:\/\/www.sandyvanry.de\/wp-content\/uploads\/2025\/08\/FB-Werbung.jpg\" alt=\"\" class=\"wp-image-533\" style=\"width:829px;height:auto\" srcset=\"https:\/\/www.sandyvanry.de\/wp-content\/uploads\/2025\/08\/FB-Werbung.jpg 824w, https:\/\/www.sandyvanry.de\/wp-content\/uploads\/2025\/08\/FB-Werbung-300x114.jpg 300w, https:\/\/www.sandyvanry.de\/wp-content\/uploads\/2025\/08\/FB-Werbung-768x293.jpg 768w\" sizes=\"auto, (max-width: 824px) 100vw, 824px\" \/><\/figure>\n<\/div>","protected":false},"excerpt":{"rendered":"<p>Sandy van Ry Ihr k\u00f6nnt mich buchen unter:Sandy van Ry Management Mobil: 01 72 \/ 2 83 52 46info@sandyvanry.de Autogrammw\u00fcnsche an: Uli Sch\u00e4fferElsa-Br\u00e4ndstr\u00f6m-Stra\u00dfe 1750374 Erftstadt Socialmedia Links Diese Homepage wurde<a href=\"https:\/\/www.sandyvanry.de\/index.php\/kontakt\/\" class=\"more-link\"><span class=\"readmore\">Continue reading<span class=\"screen-reader-text\">Kontakt \/ Social Media<\/span><\/span><\/a><\/p>\n","protected":false},"author":1,"featured_media":0,"parent":0,"menu_order":6,"comment_status":"closed","ping_status":"closed","template":"","meta":{"ngg_post_thumbnail":0,"footnotes":""},"class_list":["post-33","page","type-page","status-publish","hentry"],"_links":{"self":[{"href":"https:\/\/www.sandyvanry.de\/index.php\/wp-json\/wp\/v2\/pages\/33","targetHints":{"allow":["GET"]}}],"collection":[{"href":"https:\/\/www.sandyvanry.de\/index.php\/wp-json\/wp\/v2\/pages"}],"about":[{"href":"https:\/\/www.sandyvanry.de\/index.php\/wp-json\/wp\/v2\/types\/page"}],"author":[{"embeddable":true,"href":"https:\/\/www.sandyvanry.de\/index.php\/wp-json\/wp\/v2\/users\/1"}],"replies":[{"embeddable":true,"href":"https:\/\/www.sandyvanry.de\/index.php\/wp-json\/wp\/v2\/comments?post=33"}],"version-history":[{"count":31,"href":"https:\/\/www.sandyvanry.de\/index.php\/wp-json\/wp\/v2\/pages\/33\/revisions"}],"predecessor-version":[{"id":747,"href":"https:\/\/www.sandyvanry.de\/index.php\/wp-json\/wp\/v2\/pages\/33\/revisions\/747"}],"wp:attachment":[{"href":"https:\/\/www.sandyvanry.de\/index.php\/wp-json\/wp\/v2\/media?parent=33"}],"curies":[{"name":"wp","href":"https:\/\/api.w.org\/{rel}","templated":true}]}}