{"id":2,"date":"2024-12-01T21:58:19","date_gmt":"2024-12-01T21:58:19","guid":{"rendered":"https:\/\/sandyvanry.de\/?page_id=2"},"modified":"2025-08-29T22:51:42","modified_gmt":"2025-08-29T22:51:42","slug":"biographie","status":"publish","type":"page","link":"https:\/\/www.sandyvanry.de\/index.php\/biographie\/","title":{"rendered":"Biographie"},"content":{"rendered":"\n<div class=\"wp-block-columns is-layout-flex wp-container-core-columns-is-layout-9d6595d7 wp-block-columns-is-layout-flex\">\n<div class=\"wp-block-column is-layout-flow wp-block-column-is-layout-flow\">\n<figure data-wp-context=\"{&quot;imageId&quot;:&quot;69e06422ebb3f&quot;}\" data-wp-interactive=\"core\/image\" data-wp-key=\"69e06422ebb3f\" class=\"wp-block-image size-full wp-lightbox-container\"><img loading=\"lazy\" decoding=\"async\" width=\"1400\" height=\"1400\" data-wp-class--hide=\"state.isContentHidden\" data-wp-class--show=\"state.isContentVisible\" data-wp-init=\"callbacks.setButtonStyles\" data-wp-on--click=\"actions.showLightbox\" data-wp-on--load=\"callbacks.setButtonStyles\" data-wp-on-window--resize=\"callbacks.setButtonStyles\" src=\"https:\/\/www.sandyvanry.de\/wp-content\/uploads\/2024\/12\/2024-Bitte-sag-noch-nicht-fuer-immer.jpg\" alt=\"Bitte sag noch nicht f\u00fcr immer\" class=\"wp-image-128\" srcset=\"https:\/\/www.sandyvanry.de\/wp-content\/uploads\/2024\/12\/2024-Bitte-sag-noch-nicht-fuer-immer.jpg 1400w, https:\/\/www.sandyvanry.de\/wp-content\/uploads\/2024\/12\/2024-Bitte-sag-noch-nicht-fuer-immer-300x300.jpg 300w, https:\/\/www.sandyvanry.de\/wp-content\/uploads\/2024\/12\/2024-Bitte-sag-noch-nicht-fuer-immer-1024x1024.jpg 1024w, https:\/\/www.sandyvanry.de\/wp-content\/uploads\/2024\/12\/2024-Bitte-sag-noch-nicht-fuer-immer-150x150.jpg 150w, https:\/\/www.sandyvanry.de\/wp-content\/uploads\/2024\/12\/2024-Bitte-sag-noch-nicht-fuer-immer-768x768.jpg 768w, https:\/\/www.sandyvanry.de\/wp-content\/uploads\/2024\/12\/2024-Bitte-sag-noch-nicht-fuer-immer-640x640.jpg 640w, https:\/\/www.sandyvanry.de\/wp-content\/uploads\/2024\/12\/2024-Bitte-sag-noch-nicht-fuer-immer-180x180.jpg 180w, https:\/\/www.sandyvanry.de\/wp-content\/uploads\/2024\/12\/2024-Bitte-sag-noch-nicht-fuer-immer-50x50.jpg 50w\" sizes=\"auto, (max-width: 1400px) 100vw, 1400px\" \/><button\n\t\t\tclass=\"lightbox-trigger\"\n\t\t\ttype=\"button\"\n\t\t\taria-haspopup=\"dialog\"\n\t\t\taria-label=\"Vergr\u00f6\u00dfern\"\n\t\t\tdata-wp-init=\"callbacks.initTriggerButton\"\n\t\t\tdata-wp-on--click=\"actions.showLightbox\"\n\t\t\tdata-wp-style--right=\"state.imageButtonRight\"\n\t\t\tdata-wp-style--top=\"state.imageButtonTop\"\n\t\t>\n\t\t\t<svg xmlns=\"http:\/\/www.w3.org\/2000\/svg\" width=\"12\" height=\"12\" fill=\"none\" viewBox=\"0 0 12 12\">\n\t\t\t\t<path fill=\"#fff\" d=\"M2 0a2 2 0 0 0-2 2v2h1.5V2a.5.5 0 0 1 .5-.5h2V0H2Zm2 10.5H2a.5.5 0 0 1-.5-.5V8H0v2a2 2 0 0 0 2 2h2v-1.5ZM8 12v-1.5h2a.5.5 0 0 0 .5-.5V8H12v2a2 2 0 0 1-2 2H8Zm2-12a2 2 0 0 1 2 2v2h-1.5V2a.5.5 0 0 0-.5-.5H8V0h2Z\" \/>\n\t\t\t<\/svg>\n\t\t<\/button><figcaption class=\"wp-element-caption\">2024 Bitte sag noch nicht f\u00fcr immer<\/figcaption><\/figure>\n<\/div>\n\n\n\n<div class=\"wp-block-column is-layout-flow wp-block-column-is-layout-flow\">\n<figure data-wp-context=\"{&quot;imageId&quot;:&quot;69e06422ec17f&quot;}\" data-wp-interactive=\"core\/image\" data-wp-key=\"69e06422ec17f\" class=\"wp-block-image size-full wp-lightbox-container\"><img loading=\"lazy\" decoding=\"async\" width=\"600\" height=\"589\" data-wp-class--hide=\"state.isContentHidden\" data-wp-class--show=\"state.isContentVisible\" data-wp-init=\"callbacks.setButtonStyles\" data-wp-on--click=\"actions.showLightbox\" data-wp-on--load=\"callbacks.setButtonStyles\" data-wp-on-window--resize=\"callbacks.setButtonStyles\" src=\"https:\/\/www.sandyvanry.de\/wp-content\/uploads\/2024\/12\/1990-Und-Sie-sehnte-sich-immer-so-nach-Liebe.jpg\" alt=\"Und Sie sehnte sich immer so nach Liebe\" class=\"wp-image-114\" srcset=\"https:\/\/www.sandyvanry.de\/wp-content\/uploads\/2024\/12\/1990-Und-Sie-sehnte-sich-immer-so-nach-Liebe.jpg 600w, https:\/\/www.sandyvanry.de\/wp-content\/uploads\/2024\/12\/1990-Und-Sie-sehnte-sich-immer-so-nach-Liebe-300x295.jpg 300w, https:\/\/www.sandyvanry.de\/wp-content\/uploads\/2024\/12\/1990-Und-Sie-sehnte-sich-immer-so-nach-Liebe-50x50.jpg 50w\" sizes=\"auto, (max-width: 600px) 100vw, 600px\" \/><button\n\t\t\tclass=\"lightbox-trigger\"\n\t\t\ttype=\"button\"\n\t\t\taria-haspopup=\"dialog\"\n\t\t\taria-label=\"Vergr\u00f6\u00dfern\"\n\t\t\tdata-wp-init=\"callbacks.initTriggerButton\"\n\t\t\tdata-wp-on--click=\"actions.showLightbox\"\n\t\t\tdata-wp-style--right=\"state.imageButtonRight\"\n\t\t\tdata-wp-style--top=\"state.imageButtonTop\"\n\t\t>\n\t\t\t<svg xmlns=\"http:\/\/www.w3.org\/2000\/svg\" width=\"12\" height=\"12\" fill=\"none\" viewBox=\"0 0 12 12\">\n\t\t\t\t<path fill=\"#fff\" d=\"M2 0a2 2 0 0 0-2 2v2h1.5V2a.5.5 0 0 1 .5-.5h2V0H2Zm2 10.5H2a.5.5 0 0 1-.5-.5V8H0v2a2 2 0 0 0 2 2h2v-1.5ZM8 12v-1.5h2a.5.5 0 0 0 .5-.5V8H12v2a2 2 0 0 1-2 2H8Zm2-12a2 2 0 0 1 2 2v2h-1.5V2a.5.5 0 0 0-.5-.5H8V0h2Z\" \/>\n\t\t\t<\/svg>\n\t\t<\/button><figcaption class=\"wp-element-caption\">1990 Und Sie sehnte sich immer so nach Liebe<\/figcaption><\/figure>\n<\/div>\n\n\n\n<div class=\"wp-block-column is-layout-flow wp-block-column-is-layout-flow\">\n<figure data-wp-context=\"{&quot;imageId&quot;:&quot;69e06422ec43d&quot;}\" data-wp-interactive=\"core\/image\" data-wp-key=\"69e06422ec43d\" class=\"wp-block-image size-full wp-lightbox-container\"><img loading=\"lazy\" decoding=\"async\" width=\"850\" height=\"850\" data-wp-class--hide=\"state.isContentHidden\" data-wp-class--show=\"state.isContentVisible\" data-wp-init=\"callbacks.setButtonStyles\" data-wp-on--click=\"actions.showLightbox\" data-wp-on--load=\"callbacks.setButtonStyles\" data-wp-on-window--resize=\"callbacks.setButtonStyles\" src=\"https:\/\/www.sandyvanry.de\/wp-content\/uploads\/2025\/08\/2025-Sie-traeumt-immer-noch-von-Liebe.jpg\" alt=\"Sie tr\u00e4umt immer noch von Liebe\" class=\"wp-image-571\" srcset=\"https:\/\/www.sandyvanry.de\/wp-content\/uploads\/2025\/08\/2025-Sie-traeumt-immer-noch-von-Liebe.jpg 850w, https:\/\/www.sandyvanry.de\/wp-content\/uploads\/2025\/08\/2025-Sie-traeumt-immer-noch-von-Liebe-300x300.jpg 300w, https:\/\/www.sandyvanry.de\/wp-content\/uploads\/2025\/08\/2025-Sie-traeumt-immer-noch-von-Liebe-150x150.jpg 150w, https:\/\/www.sandyvanry.de\/wp-content\/uploads\/2025\/08\/2025-Sie-traeumt-immer-noch-von-Liebe-768x768.jpg 768w, https:\/\/www.sandyvanry.de\/wp-content\/uploads\/2025\/08\/2025-Sie-traeumt-immer-noch-von-Liebe-640x640.jpg 640w, https:\/\/www.sandyvanry.de\/wp-content\/uploads\/2025\/08\/2025-Sie-traeumt-immer-noch-von-Liebe-180x180.jpg 180w\" sizes=\"auto, (max-width: 850px) 100vw, 850px\" \/><button\n\t\t\tclass=\"lightbox-trigger\"\n\t\t\ttype=\"button\"\n\t\t\taria-haspopup=\"dialog\"\n\t\t\taria-label=\"Vergr\u00f6\u00dfern\"\n\t\t\tdata-wp-init=\"callbacks.initTriggerButton\"\n\t\t\tdata-wp-on--click=\"actions.showLightbox\"\n\t\t\tdata-wp-style--right=\"state.imageButtonRight\"\n\t\t\tdata-wp-style--top=\"state.imageButtonTop\"\n\t\t>\n\t\t\t<svg xmlns=\"http:\/\/www.w3.org\/2000\/svg\" width=\"12\" height=\"12\" fill=\"none\" viewBox=\"0 0 12 12\">\n\t\t\t\t<path fill=\"#fff\" d=\"M2 0a2 2 0 0 0-2 2v2h1.5V2a.5.5 0 0 1 .5-.5h2V0H2Zm2 10.5H2a.5.5 0 0 1-.5-.5V8H0v2a2 2 0 0 0 2 2h2v-1.5ZM8 12v-1.5h2a.5.5 0 0 0 .5-.5V8H12v2a2 2 0 0 1-2 2H8Zm2-12a2 2 0 0 1 2 2v2h-1.5V2a.5.5 0 0 0-.5-.5H8V0h2Z\" \/>\n\t\t\t<\/svg>\n\t\t<\/button><figcaption class=\"wp-element-caption\">2025 Sie tr\u00e4umt immer noch von Liebe<\/figcaption><\/figure>\n<\/div>\n<\/div>\n\n\n\n<p style=\"font-size:18px\">Ihre musikalische Karriere begann 1989 mit dem ersten Album &#8222;Junge Liebe&#8220;, damals erschienen bei Koch Records.<\/p>\n\n\n\n<p style=\"font-size:18px\">Bis 2001 produzierte Erfolgsproduzent Robert Jung insgesamt vier Alben mit Ihr.<\/p>\n\n\n\n<p style=\"font-size:18px\">Nach dem ersten Album erschienen noch:<\/p>\n\n\n\n<div class=\"wp-block-columns is-layout-flex wp-container-core-columns-is-layout-9d6595d7 wp-block-columns-is-layout-flex\">\n<div class=\"wp-block-column is-layout-flow wp-block-column-is-layout-flow\">\n<figure data-wp-context=\"{&quot;imageId&quot;:&quot;69e06422ec876&quot;}\" data-wp-interactive=\"core\/image\" data-wp-key=\"69e06422ec876\" class=\"wp-block-image size-full wp-lightbox-container\"><img loading=\"lazy\" decoding=\"async\" width=\"595\" height=\"595\" data-wp-class--hide=\"state.isContentHidden\" data-wp-class--show=\"state.isContentVisible\" data-wp-init=\"callbacks.setButtonStyles\" data-wp-on--click=\"actions.showLightbox\" data-wp-on--load=\"callbacks.setButtonStyles\" data-wp-on-window--resize=\"callbacks.setButtonStyles\" src=\"https:\/\/www.sandyvanry.de\/wp-content\/uploads\/2024\/12\/1992-Solange-mein-Herz-noch-schlaegt.jpg\" alt=\"Solange mein Herz noch schl\u00e4gt\" class=\"wp-image-119\" srcset=\"https:\/\/www.sandyvanry.de\/wp-content\/uploads\/2024\/12\/1992-Solange-mein-Herz-noch-schlaegt.jpg 595w, https:\/\/www.sandyvanry.de\/wp-content\/uploads\/2024\/12\/1992-Solange-mein-Herz-noch-schlaegt-300x300.jpg 300w, https:\/\/www.sandyvanry.de\/wp-content\/uploads\/2024\/12\/1992-Solange-mein-Herz-noch-schlaegt-150x150.jpg 150w, https:\/\/www.sandyvanry.de\/wp-content\/uploads\/2024\/12\/1992-Solange-mein-Herz-noch-schlaegt-180x180.jpg 180w, https:\/\/www.sandyvanry.de\/wp-content\/uploads\/2024\/12\/1992-Solange-mein-Herz-noch-schlaegt-50x50.jpg 50w\" sizes=\"auto, (max-width: 595px) 100vw, 595px\" \/><button\n\t\t\tclass=\"lightbox-trigger\"\n\t\t\ttype=\"button\"\n\t\t\taria-haspopup=\"dialog\"\n\t\t\taria-label=\"Vergr\u00f6\u00dfern\"\n\t\t\tdata-wp-init=\"callbacks.initTriggerButton\"\n\t\t\tdata-wp-on--click=\"actions.showLightbox\"\n\t\t\tdata-wp-style--right=\"state.imageButtonRight\"\n\t\t\tdata-wp-style--top=\"state.imageButtonTop\"\n\t\t>\n\t\t\t<svg xmlns=\"http:\/\/www.w3.org\/2000\/svg\" width=\"12\" height=\"12\" fill=\"none\" viewBox=\"0 0 12 12\">\n\t\t\t\t<path fill=\"#fff\" d=\"M2 0a2 2 0 0 0-2 2v2h1.5V2a.5.5 0 0 1 .5-.5h2V0H2Zm2 10.5H2a.5.5 0 0 1-.5-.5V8H0v2a2 2 0 0 0 2 2h2v-1.5ZM8 12v-1.5h2a.5.5 0 0 0 .5-.5V8H12v2a2 2 0 0 1-2 2H8Zm2-12a2 2 0 0 1 2 2v2h-1.5V2a.5.5 0 0 0-.5-.5H8V0h2Z\" \/>\n\t\t\t<\/svg>\n\t\t<\/button><figcaption class=\"wp-element-caption\">1992 Solange mein Herz noch schl\u00e4gt<\/figcaption><\/figure>\n<\/div>\n\n\n\n<div class=\"wp-block-column is-layout-flow wp-block-column-is-layout-flow\">\n<figure data-wp-context=\"{&quot;imageId&quot;:&quot;69e06422ecb3f&quot;}\" data-wp-interactive=\"core\/image\" data-wp-key=\"69e06422ecb3f\" class=\"wp-block-image size-full wp-lightbox-container\"><img loading=\"lazy\" decoding=\"async\" width=\"600\" height=\"598\" data-wp-class--hide=\"state.isContentHidden\" data-wp-class--show=\"state.isContentVisible\" data-wp-init=\"callbacks.setButtonStyles\" data-wp-on--click=\"actions.showLightbox\" data-wp-on--load=\"callbacks.setButtonStyles\" data-wp-on-window--resize=\"callbacks.setButtonStyles\" src=\"https:\/\/www.sandyvanry.de\/wp-content\/uploads\/2025\/08\/R-9431134-1485034370-7084.jpg\" alt=\"Auf meine Art\" class=\"wp-image-559\" srcset=\"https:\/\/www.sandyvanry.de\/wp-content\/uploads\/2025\/08\/R-9431134-1485034370-7084.jpg 600w, https:\/\/www.sandyvanry.de\/wp-content\/uploads\/2025\/08\/R-9431134-1485034370-7084-300x300.jpg 300w, https:\/\/www.sandyvanry.de\/wp-content\/uploads\/2025\/08\/R-9431134-1485034370-7084-150x150.jpg 150w, https:\/\/www.sandyvanry.de\/wp-content\/uploads\/2025\/08\/R-9431134-1485034370-7084-180x180.jpg 180w\" sizes=\"auto, (max-width: 600px) 100vw, 600px\" \/><button\n\t\t\tclass=\"lightbox-trigger\"\n\t\t\ttype=\"button\"\n\t\t\taria-haspopup=\"dialog\"\n\t\t\taria-label=\"Vergr\u00f6\u00dfern\"\n\t\t\tdata-wp-init=\"callbacks.initTriggerButton\"\n\t\t\tdata-wp-on--click=\"actions.showLightbox\"\n\t\t\tdata-wp-style--right=\"state.imageButtonRight\"\n\t\t\tdata-wp-style--top=\"state.imageButtonTop\"\n\t\t>\n\t\t\t<svg xmlns=\"http:\/\/www.w3.org\/2000\/svg\" width=\"12\" height=\"12\" fill=\"none\" viewBox=\"0 0 12 12\">\n\t\t\t\t<path fill=\"#fff\" d=\"M2 0a2 2 0 0 0-2 2v2h1.5V2a.5.5 0 0 1 .5-.5h2V0H2Zm2 10.5H2a.5.5 0 0 1-.5-.5V8H0v2a2 2 0 0 0 2 2h2v-1.5ZM8 12v-1.5h2a.5.5 0 0 0 .5-.5V8H12v2a2 2 0 0 1-2 2H8Zm2-12a2 2 0 0 1 2 2v2h-1.5V2a.5.5 0 0 0-.5-.5H8V0h2Z\" \/>\n\t\t\t<\/svg>\n\t\t<\/button><figcaption class=\"wp-element-caption\">1996 Auf meine Art<\/figcaption><\/figure>\n<\/div>\n\n\n\n<div class=\"wp-block-column is-layout-flow wp-block-column-is-layout-flow\">\n<figure data-wp-context=\"{&quot;imageId&quot;:&quot;69e06422ecdf0&quot;}\" data-wp-interactive=\"core\/image\" data-wp-key=\"69e06422ecdf0\" class=\"wp-block-image size-full wp-lightbox-container\"><img loading=\"lazy\" decoding=\"async\" width=\"596\" height=\"599\" data-wp-class--hide=\"state.isContentHidden\" data-wp-class--show=\"state.isContentVisible\" data-wp-init=\"callbacks.setButtonStyles\" data-wp-on--click=\"actions.showLightbox\" data-wp-on--load=\"callbacks.setButtonStyles\" data-wp-on-window--resize=\"callbacks.setButtonStyles\" src=\"https:\/\/www.sandyvanry.de\/wp-content\/uploads\/2025\/08\/R-9431206-1485872125-7062.jpg\" alt=\"Lieder sind wie br\u00fccken...\" class=\"wp-image-560\" srcset=\"https:\/\/www.sandyvanry.de\/wp-content\/uploads\/2025\/08\/R-9431206-1485872125-7062.jpg 596w, https:\/\/www.sandyvanry.de\/wp-content\/uploads\/2025\/08\/R-9431206-1485872125-7062-298x300.jpg 298w, https:\/\/www.sandyvanry.de\/wp-content\/uploads\/2025\/08\/R-9431206-1485872125-7062-150x150.jpg 150w, https:\/\/www.sandyvanry.de\/wp-content\/uploads\/2025\/08\/R-9431206-1485872125-7062-180x180.jpg 180w\" sizes=\"auto, (max-width: 596px) 100vw, 596px\" \/><button\n\t\t\tclass=\"lightbox-trigger\"\n\t\t\ttype=\"button\"\n\t\t\taria-haspopup=\"dialog\"\n\t\t\taria-label=\"Vergr\u00f6\u00dfern\"\n\t\t\tdata-wp-init=\"callbacks.initTriggerButton\"\n\t\t\tdata-wp-on--click=\"actions.showLightbox\"\n\t\t\tdata-wp-style--right=\"state.imageButtonRight\"\n\t\t\tdata-wp-style--top=\"state.imageButtonTop\"\n\t\t>\n\t\t\t<svg xmlns=\"http:\/\/www.w3.org\/2000\/svg\" width=\"12\" height=\"12\" fill=\"none\" viewBox=\"0 0 12 12\">\n\t\t\t\t<path fill=\"#fff\" d=\"M2 0a2 2 0 0 0-2 2v2h1.5V2a.5.5 0 0 1 .5-.5h2V0H2Zm2 10.5H2a.5.5 0 0 1-.5-.5V8H0v2a2 2 0 0 0 2 2h2v-1.5ZM8 12v-1.5h2a.5.5 0 0 0 .5-.5V8H12v2a2 2 0 0 1-2 2H8Zm2-12a2 2 0 0 1 2 2v2h-1.5V2a.5.5 0 0 0-.5-.5H8V0h2Z\" \/>\n\t\t\t<\/svg>\n\t\t<\/button><figcaption class=\"wp-element-caption\">2000 Lieder sind wie die Br\u00fccken zu den Herzen&#8230;<\/figcaption><\/figure>\n<\/div>\n<\/div>\n\n\n\n<p style=\"font-size:18px\">Ihr wohl gr\u00f6\u00dfter Erfolg war die Single Auskopplung &#8222;Sie passt gar nicht zu Dir&#8220;<\/p>\n\n\n<div class=\"wp-block-image\">\n<figure class=\"aligncenter size-full is-resized\"><img loading=\"lazy\" decoding=\"async\" width=\"527\" height=\"460\" src=\"https:\/\/www.sandyvanry.de\/wp-content\/uploads\/2024\/12\/1995-Sie-passt-garnicht-zu-Dir.jpg\" alt=\"Sie passt garnicht zu Dir\" class=\"wp-image-123\" style=\"width:318px;height:auto\" srcset=\"https:\/\/www.sandyvanry.de\/wp-content\/uploads\/2024\/12\/1995-Sie-passt-garnicht-zu-Dir.jpg 527w, https:\/\/www.sandyvanry.de\/wp-content\/uploads\/2024\/12\/1995-Sie-passt-garnicht-zu-Dir-300x262.jpg 300w\" sizes=\"auto, (max-width: 527px) 100vw, 527px\" \/><figcaption class=\"wp-element-caption\">1995 Sie passt garnicht zu Dir<\/figcaption><\/figure>\n<\/div>\n\n\n<p style=\"font-size:18px\">Mit diesem Song schaffte Sie es bis in die ZDF-Hitparade zu Uwe H\u00fcbner.<\/p>\n\n\n\n<p style=\"font-size:18px\">Sie absolvierte in den Jahren bis 2001 viele, viele Live Auftritte zu allen Anl\u00e4ssen.<br>Discotheken, Stra\u00dfenfeste, Weihnachtsm\u00e4rkte, Open Airs, Rundfunk, TV und nat\u00fcrlich auch immer wieder im Karneval, wo Ihre musikalische Laufbahn im Alter von 13 Jahren einst begann.<\/p>\n\n\n\n<p style=\"font-size:18px\">Im Jahr 2001 wurde es im Bereich deutscher Schlager etwas ruhiger. Sandy erf\u00fcllte sich deinen Wunsch und stieg in eine Country-Band mit ein, mit der Sie noch einige Zeit Life unterwegs war.<\/p>\n\n\n\n<p style=\"font-size:18px\">Ab 2003 ging es allerdings beruflich in Sandys Leben in eine andere Richtung. Sie kehrte zur\u00fcck in den Pferdesport, den Sie seit j\u00fcngster Kindheit betreibt. Bis heute ist Sie sehr erfolgreich im Westernreitsport unterwegs und f\u00fchrt einen kleinen Trainingsbetrieb.<\/p>\n\n\n\n<blockquote class=\"wp-block-quote is-style-default has-medium-black-background-color has-background is-layout-flow wp-block-quote-is-layout-flow\">\n<p class=\"has-black-color has-text-color has-background has-link-color wp-elements-5592c341fc8349df87660c0be2c3f43c\" style=\"background-color:#dcdcdc;font-size:18px\">Ich bin f\u00fcr die Jahre, die ich in der Musikwelt unterwegs sein durfte sehr, sehr dankbar und m\u00f6chte keinen Tag und keinen Song missen. Allerdings war ich nicht traurig als es &#8222;vorbei&#8220; war. Ich habe megasch\u00f6ne Erinnerungen an eine gro\u00dfartige Zeit. 12 &#8211; 15 Jahre habe ich sicherlich musikalisch wirklich gar nichts gemacht, bis ich 2018 durch Zufall die Karaoke App &#8222;Smule&#8220; f\u00fcr mich entdeckte. Seitdem hat mich die Musik und der Gesang wieder v\u00f6llig eingefangen.<\/p>\n<\/blockquote>\n\n\n\n<p style=\"font-size:18px\">Mittlerweile hat Sie auf Ihren Social-Media Seiten viele Follower, die Sie und Ihre Musik mit Begeisterung verfolgen.<\/p>\n\n\n\n<p style=\"font-size:18px\">Auch der in den Letzen Jahren hoch erfolgreiche Textdichter Matthias Teriet wurde dort auf Sandy aufmerksam und gab mit seiner Idee den Ansto\u00df f\u00fcr Ihr Comeback. Gemeinsam mit den Songwriting Kollegen und Erfolgsproduzenten Jascha Welzel und Uwe Altenried schrieben  und produzierten Sie Sandys erste Comeback Single &#8222;Ich will mich nicht nochmal verlieben&#8220;, die im Juni 2024 Release feierte.<\/p>\n\n\n<div class=\"wp-block-image\">\n<figure data-wp-context=\"{&quot;imageId&quot;:&quot;69e06422ed442&quot;}\" data-wp-interactive=\"core\/image\" data-wp-key=\"69e06422ed442\" class=\"aligncenter size-full is-resized wp-lightbox-container\"><img loading=\"lazy\" decoding=\"async\" width=\"600\" height=\"600\" data-wp-class--hide=\"state.isContentHidden\" data-wp-class--show=\"state.isContentVisible\" data-wp-init=\"callbacks.setButtonStyles\" data-wp-on--click=\"actions.showLightbox\" data-wp-on--load=\"callbacks.setButtonStyles\" data-wp-on-window--resize=\"callbacks.setButtonStyles\" src=\"https:\/\/www.sandyvanry.de\/wp-content\/uploads\/2024\/12\/2024-Ich-will-mich-nicht-nochmal-verlieben.jpg\" alt=\"Ich will mich nicht nochmal verlieben\" class=\"wp-image-125\" style=\"width:338px;height:auto\" srcset=\"https:\/\/www.sandyvanry.de\/wp-content\/uploads\/2024\/12\/2024-Ich-will-mich-nicht-nochmal-verlieben.jpg 600w, https:\/\/www.sandyvanry.de\/wp-content\/uploads\/2024\/12\/2024-Ich-will-mich-nicht-nochmal-verlieben-300x300.jpg 300w, https:\/\/www.sandyvanry.de\/wp-content\/uploads\/2024\/12\/2024-Ich-will-mich-nicht-nochmal-verlieben-150x150.jpg 150w, https:\/\/www.sandyvanry.de\/wp-content\/uploads\/2024\/12\/2024-Ich-will-mich-nicht-nochmal-verlieben-180x180.jpg 180w, https:\/\/www.sandyvanry.de\/wp-content\/uploads\/2024\/12\/2024-Ich-will-mich-nicht-nochmal-verlieben-50x50.jpg 50w\" sizes=\"auto, (max-width: 600px) 100vw, 600px\" \/><button\n\t\t\tclass=\"lightbox-trigger\"\n\t\t\ttype=\"button\"\n\t\t\taria-haspopup=\"dialog\"\n\t\t\taria-label=\"Vergr\u00f6\u00dfern\"\n\t\t\tdata-wp-init=\"callbacks.initTriggerButton\"\n\t\t\tdata-wp-on--click=\"actions.showLightbox\"\n\t\t\tdata-wp-style--right=\"state.imageButtonRight\"\n\t\t\tdata-wp-style--top=\"state.imageButtonTop\"\n\t\t>\n\t\t\t<svg xmlns=\"http:\/\/www.w3.org\/2000\/svg\" width=\"12\" height=\"12\" fill=\"none\" viewBox=\"0 0 12 12\">\n\t\t\t\t<path fill=\"#fff\" d=\"M2 0a2 2 0 0 0-2 2v2h1.5V2a.5.5 0 0 1 .5-.5h2V0H2Zm2 10.5H2a.5.5 0 0 1-.5-.5V8H0v2a2 2 0 0 0 2 2h2v-1.5ZM8 12v-1.5h2a.5.5 0 0 0 .5-.5V8H12v2a2 2 0 0 1-2 2H8Zm2-12a2 2 0 0 1 2 2v2h-1.5V2a.5.5 0 0 0-.5-.5H8V0h2Z\" \/>\n\t\t\t<\/svg>\n\t\t<\/button><figcaption class=\"wp-element-caption\">2024 Ich will mich nicht nochmal verlieben<\/figcaption><\/figure>\n<\/div>\n\n\n<p style=\"font-size:18px\">Besonders das Musikvideo der Comeback Single wurde mit Spannung erwartet und hatte innerhalb weniger Tage mehrere zehntausende Aufrufe.<\/p>\n\n\n\n<p style=\"font-size:18px\">Im November 2024 folgte dann die aktuelle Single &#8222;Bitte sag noch nicht f\u00fcr immer&#8220;. <\/p>\n\n\n\n<p style=\"font-size:18px\">In den H\u00f6rercharts bei BRF 2 stieg der Titel auf Platz 21 ein und hielt sich 3 Wochen in den Charts.<br>Bei dem neuen TV Format &#8222;Unschlagbar Schlager&#8220;, das auf Schlagerparadies TV ausgestrahlt wird, war Sandy mit dieser Single in der ersten Aufzeichnung dabei und feierte dort Ihr &#8222;TV Comeback&#8220;.<\/p>\n\n\n\n<p style=\"font-size:18px\">Das Jahr 2025 startet musikalisch f\u00fcr Sandy bereits im Januar mit dem Release des Once&amp;Twice! Remix von &#8222;Bitte sag noch nicht f\u00fcr immer&#8220;.<\/p>\n\n\n\n<p style=\"font-size:18px\">Auch Live wird Sandy 2025 wieder mehr unterwegs sein.<\/p>\n\n\n\n<p style=\"font-size:18px\">In den letzten 2 Jahren war Sandy ausschlie\u00dflich in den Niederlanden f\u00fcr einzelne Live-Auftritte unterwegs. Ab 2025 soll sich das wieder \u00e4ndern und neben den Veranstaltungen in den Niederlanden sollen auch wieder Auftritte f\u00fcr die Fans in Deutschland stattfinden.<\/p>\n\n\n\n<p style=\"font-size:18px\">Der erste Termin in Deutschland steht auch schon fest und Sandy wird zu Gast sein bei der Osterschlagernacht in Bad Elster im Rahmen der neuen Konzerttournee von Stefan Mross am 20.04.2025!<\/p>\n\n\n\n<p><\/p>\n","protected":false},"excerpt":{"rendered":"<p>Ihre musikalische Karriere begann 1989 mit dem ersten Album &#8222;Junge Liebe&#8220;, damals erschienen bei Koch Records. Bis 2001 produzierte Erfolgsproduzent Robert Jung insgesamt vier Alben mit Ihr. Nach dem ersten<a href=\"https:\/\/www.sandyvanry.de\/index.php\/biographie\/\" class=\"more-link\"><span class=\"readmore\">Continue reading<span class=\"screen-reader-text\">Biographie<\/span><\/span><\/a><\/p>\n","protected":false},"author":1,"featured_media":0,"parent":0,"menu_order":1,"comment_status":"closed","ping_status":"closed","template":"","meta":{"ngg_post_thumbnail":0,"footnotes":""},"class_list":["post-2","page","type-page","status-publish","hentry"],"_links":{"self":[{"href":"https:\/\/www.sandyvanry.de\/index.php\/wp-json\/wp\/v2\/pages\/2","targetHints":{"allow":["GET"]}}],"collection":[{"href":"https:\/\/www.sandyvanry.de\/index.php\/wp-json\/wp\/v2\/pages"}],"about":[{"href":"https:\/\/www.sandyvanry.de\/index.php\/wp-json\/wp\/v2\/types\/page"}],"author":[{"embeddable":true,"href":"https:\/\/www.sandyvanry.de\/index.php\/wp-json\/wp\/v2\/users\/1"}],"replies":[{"embeddable":true,"href":"https:\/\/www.sandyvanry.de\/index.php\/wp-json\/wp\/v2\/comments?post=2"}],"version-history":[{"count":18,"href":"https:\/\/www.sandyvanry.de\/index.php\/wp-json\/wp\/v2\/pages\/2\/revisions"}],"predecessor-version":[{"id":649,"href":"https:\/\/www.sandyvanry.de\/index.php\/wp-json\/wp\/v2\/pages\/2\/revisions\/649"}],"wp:attachment":[{"href":"https:\/\/www.sandyvanry.de\/index.php\/wp-json\/wp\/v2\/media?parent=2"}],"curies":[{"name":"wp","href":"https:\/\/api.w.org\/{rel}","templated":true}]}}